{"id":42,"date":"2012-03-31T19:53:48","date_gmt":"2012-03-31T19:53:48","guid":{"rendered":"http:\/\/www.fortici.net\/puissalicon\/?page_id=42"},"modified":"2018-06-06T17:07:50","modified_gmt":"2018-06-06T15:07:50","slug":"liste-de-diffusion","status":"publish","type":"page","link":"https:\/\/puissalicon.fr\/index.php\/renseignements-pratiques\/liste-de-diffusion\/","title":{"rendered":"Lettre d&rsquo;information"},"content":{"rendered":"<p>[download id=\u00a0\u00bb39&Prime; format=\u00a0\u00bb2&Prime;]Abonnez vous \u00e0 notre lettre d&rsquo;information pour \u00eatre inform\u00e9 des nouvelles parutions sur le site:<\/p>\n<p>[subscribe2]<\/p>\n","protected":false},"excerpt":{"rendered":"<p>[download id=\u00a0\u00bb39&Prime; format=\u00a0\u00bb2&Prime;]Abonnez vous \u00e0 notre lettre d&rsquo;information pour \u00eatre inform\u00e9 des nouvelles parutions sur le site: [subscribe2]<\/p>\n","protected":false},"author":2,"featured_media":0,"parent":191,"menu_order":0,"comment_status":"open","ping_status":"open","template":"","meta":{"footnotes":""},"class_list":["post-42","page","type-page","status-publish","hentry"],"post_mailing_queue_ids":[],"_links":{"self":[{"href":"https:\/\/puissalicon.fr\/index.php\/wp-json\/wp\/v2\/pages\/42","targetHints":{"allow":["GET"]}}],"collection":[{"href":"https:\/\/puissalicon.fr\/index.php\/wp-json\/wp\/v2\/pages"}],"about":[{"href":"https:\/\/puissalicon.fr\/index.php\/wp-json\/wp\/v2\/types\/page"}],"author":[{"embeddable":true,"href":"https:\/\/puissalicon.fr\/index.php\/wp-json\/wp\/v2\/users\/2"}],"replies":[{"embeddable":true,"href":"https:\/\/puissalicon.fr\/index.php\/wp-json\/wp\/v2\/comments?post=42"}],"version-history":[{"count":1,"href":"https:\/\/puissalicon.fr\/index.php\/wp-json\/wp\/v2\/pages\/42\/revisions"}],"predecessor-version":[{"id":4790,"href":"https:\/\/puissalicon.fr\/index.php\/wp-json\/wp\/v2\/pages\/42\/revisions\/4790"}],"up":[{"embeddable":true,"href":"https:\/\/puissalicon.fr\/index.php\/wp-json\/wp\/v2\/pages\/191"}],"wp:attachment":[{"href":"https:\/\/puissalicon.fr\/index.php\/wp-json\/wp\/v2\/media?parent=42"}],"curies":[{"name":"wp","href":"https:\/\/api.w.org\/{rel}","templated":true}]}}