{"id":365,"date":"2017-02-16T16:11:15","date_gmt":"2017-02-16T15:11:15","guid":{"rendered":"http:\/\/www.puissalicon.fr\/test\/?page_id=365"},"modified":"2022-10-18T17:07:16","modified_gmt":"2022-10-18T15:07:16","slug":"enfancesocial","status":"publish","type":"page","link":"https:\/\/puissalicon.fr\/index.php\/enfancesocial\/","title":{"rendered":"ENFANCE, SOCIAL"},"content":{"rendered":"<h3><span style=\"color: #ff6600;\">LAEP<\/span><\/h3>\n<p><span style=\"color: #000000;\">\u00a0\u00bb Les Petits Pas \u00ab\u00a0, Lieu<strong>\u00a0<\/strong>d\u2019Accueil Enfants\/Parents de Puissalicon est ouvert aux enfants de la naissance \u00e0 6 ans accompagn\u00e9s d&rsquo;un adulte familier (m\u00e8re, p\u00e8re, grands-parents,&#8230;), ainsi qu&rsquo;aux futurs parents tous les vendredis matins entre 8h30 et 12h30. Ce lieu est ouvert aux familles de Puissalicon et des alentours.<\/span><br \/>\n<span style=\"color: #000000;\"> L\u2019entr\u00e9e est gratuite, gr\u00e2ce au soutien notamment financier des partenaires (Communes,\u00a0Conseil G\u00e9n\u00e9ral et Caisse d\u2019allocations familiales).<\/span><br \/>\n<span style=\"color: #000000;\"> Ouverture habituelle pendant les vacances scolaires (\u00e0 v\u00e9rifier aupr\u00e8s de l&rsquo;association pour ao\u00fbt et No\u00ebl).<\/span><br \/>\n<span style=\"color: #000000;\"> Adresse : salle de la mediatheque, 23 avenue de Beziers \u00e0 Puissalicon.<\/span><br \/>\n<span style=\"color: #000000;\"> Contact :\u00a0association Jouons en Ludoth\u00e8ques 04-67-69-00-81.<\/span><br \/>\n<span style=\"color: #000000;\"> Site :<\/span>\u00a0<a href=\"http:\/\/www.jouonsenludotheques.fr\/SiteJelLapeLesPetitsPas.xhtml\" target=\"_blank\" rel=\"noopener\">http:\/\/www.jouonsenludotheques.fr\/SiteJelLapeLesPetitsPas.xhtml<\/a><\/p>\n<div>\n<div><strong><u>Les Centres de Loisirs des Avant-Monts<\/u><\/strong><\/div>\n<div>Pour les enfants de Puissalicon de 3 \u00e0 11 ans, les mercredis et les vacances scolaires, les Centres de Loisirs vous proposent des loisirs sains, \u00e9ducatifs et vari\u00e9s \u00e0 tous, toute l\u2019ann\u00e9e.<\/div>\n<div>Pour tous renseignements :<\/div>\n<div><a href=\"http:\/\/www.avant-monts.fr\/category\/jeunesse\/centres-de-loisirs\/\" target=\"_blank\" rel=\"noopener noreferrer\">http:\/\/www.avant-monts.fr\/category\/jeunesse\/centres-de-loisirs\/<\/a><\/div>\n<\/div>\n<div><\/div>\n<div><strong><u>Planet\u2019Ados<\/u><\/strong><\/div>\n<div>Pour les enfants de 12 \u00e0 17 ans<\/div>\n<div>Renseignements :<\/div>\n<div><a href=\"http:\/\/www.avant-monts.fr\/planetados-presentation\/\" target=\"_blank\" rel=\"noopener noreferrer\">http:\/\/www.avant-monts.fr\/planetados-presentation\/<\/a><\/div>\n","protected":false},"excerpt":{"rendered":"<p>LAEP \u00a0\u00bb Les Petits Pas \u00ab\u00a0, Lieu\u00a0d\u2019Accueil Enfants\/Parents de Puissalicon est ouvert aux enfants de la naissance \u00e0 6 ans accompagn\u00e9s d&rsquo;un adulte familier (m\u00e8re, p\u00e8re, grands-parents,&#8230;), ainsi qu&rsquo;aux futurs parents tous les vendredis matins entre 8h30 et 12h30. Ce lieu est ouvert aux familles de Puissalicon et des alentours. L\u2019entr\u00e9e est gratuite, gr\u00e2ce au [&hellip;]<\/p>\n","protected":false},"author":1,"featured_media":0,"parent":0,"menu_order":0,"comment_status":"closed","ping_status":"closed","template":"","meta":{"footnotes":""},"class_list":["post-365","page","type-page","status-publish","hentry"],"post_mailing_queue_ids":[],"_links":{"self":[{"href":"https:\/\/puissalicon.fr\/index.php\/wp-json\/wp\/v2\/pages\/365","targetHints":{"allow":["GET"]}}],"collection":[{"href":"https:\/\/puissalicon.fr\/index.php\/wp-json\/wp\/v2\/pages"}],"about":[{"href":"https:\/\/puissalicon.fr\/index.php\/wp-json\/wp\/v2\/types\/page"}],"author":[{"embeddable":true,"href":"https:\/\/puissalicon.fr\/index.php\/wp-json\/wp\/v2\/users\/1"}],"replies":[{"embeddable":true,"href":"https:\/\/puissalicon.fr\/index.php\/wp-json\/wp\/v2\/comments?post=365"}],"version-history":[{"count":7,"href":"https:\/\/puissalicon.fr\/index.php\/wp-json\/wp\/v2\/pages\/365\/revisions"}],"predecessor-version":[{"id":9159,"href":"https:\/\/puissalicon.fr\/index.php\/wp-json\/wp\/v2\/pages\/365\/revisions\/9159"}],"wp:attachment":[{"href":"https:\/\/puissalicon.fr\/index.php\/wp-json\/wp\/v2\/media?parent=365"}],"curies":[{"name":"wp","href":"https:\/\/api.w.org\/{rel}","templated":true}]}}