{"id":3520,"date":"2017-02-16T16:13:48","date_gmt":"2017-02-16T15:13:48","guid":{"rendered":"http:\/\/www.puissalicon.fr\/test\/?page_id=368"},"modified":"2026-04-01T14:53:09","modified_gmt":"2026-04-01T12:53:09","slug":"ccas","status":"publish","type":"page","link":"https:\/\/puissalicon.fr\/index.php\/enfancesocial\/ccas\/","title":{"rendered":"CCAS &#8211; Centre Communal d&rsquo;Action Sociale"},"content":{"rendered":"<h1><a href=\"https:\/\/puissalicon.fr\/wp-content\/uploads\/2020\/06\/ccas.png\"><img loading=\"lazy\" decoding=\"async\" class=\"alignnone size-medium wp-image-6855\" src=\"https:\/\/puissalicon.fr\/wp-content\/uploads\/2020\/06\/ccas-300x143.png\" alt=\"\" width=\"300\" height=\"143\" srcset=\"https:\/\/puissalicon.fr\/wp-content\/uploads\/2020\/06\/ccas-300x143.png 300w, https:\/\/puissalicon.fr\/wp-content\/uploads\/2020\/06\/ccas.png 400w\" sizes=\"auto, (max-width: 300px) 100vw, 300px\" \/><\/a><\/h1>\n<h1 style=\"text-align: left;\">Le Centre Communal d&rsquo;Action Sociale<\/h1>\n<p style=\"text-align: left;\">Le CCAS est un \u00e9tablissement public administratif communal intervenant principalement dans deux domaines :<\/p>\n<ul style=\"text-align: left;\">\n<li style=\"text-align: left;\">L&rsquo;aide sociale l\u00e9gale qui, par d\u00e9finition, est la seule attribution obligatoire.<\/li>\n<li style=\"text-align: left;\">L&rsquo;aide sociale facultative qui rel\u00e8ve des choix politiques municipaux.<\/li>\n<\/ul>\n<p style=\"text-align: left;\">Le CCAS est g\u00e9r\u00e9 par un conseil d&rsquo;administration compos\u00e9 du Maire, Pr\u00e9sident de droit, de membres \u00e9lus en son sein par le Conseil Municipal, et de membres nomm\u00e9s par le Maire.<\/p>\n<h1 style=\"text-align: left;\">Composition du CCAS<\/h1>\n<p style=\"text-align: left;\"><strong>Pr\u00e9sident :<\/strong> FARENC Michel<\/p>\n<p style=\"text-align: left;\"><strong>Membres \u00e9lus :<\/strong> SERMET Nicolas (vice-pr\u00e9sident) &#8211; GAU Rose-Marie &#8211; ROYER Marie-Jeanne &#8211; FERRE Gerard &#8211; JAUVERT Daniel<\/p>\n<p style=\"text-align: left;\"><strong>Membres nomm\u00e9s :<\/strong> NOM Pr\u00e9nom &#8211; NOM Pr\u00e9nom &#8211; NOM Pr\u00e9nom &#8211; NOM Pr\u00e9nom &#8211; NOM Pr\u00e9nom<\/p>\n<p style=\"text-align: left;\"><b>TOUS LES MEMBRES DU CCAS SONT TENUS AU SECRET DES INFORMATIONS QUI SONT PORT\u00c9ES A LEUR CONNAISSANCE.<\/b><\/p>\n<p style=\"text-align: left;\">Le CCAS dispose d&rsquo;un budget autonome, pour l&rsquo;essentiel constitu\u00e9 de la subvention municipale.<\/p>\n<h1 style=\"text-align: left;\">Les attributions du CCAS<\/h1>\n<p style=\"text-align: left;\">Il anime l&rsquo;action g\u00e9n\u00e9rale de pr\u00e9vention et de d\u00e9veloppement social de la commune.<\/p>\n<p style=\"text-align: left;\">Il exerce sa mission en liaison \u00e9troite avec les institutions publiques et priv\u00e9es. Il d\u00e9veloppe diff\u00e9rentes activit\u00e9s et missions l\u00e9gales ou facultatives, directement orient\u00e9es vers les populations concern\u00e9es. Aide et accompagnement des personnes \u00e2g\u00e9es, aide aux personnes handicap\u00e9es, aux enfants, aux familles en difficult\u00e9, lutte contre l&rsquo;exclusion.<\/p>\n<p style=\"text-align: left;\">Organisation du repas des a\u00een\u00e9s, offert aux habitants de 70 ans et plus.<\/p>\n<p style=\"text-align: left;\">La commune adh\u00e8re \u00e0 l&rsquo;Association Intercommunale pour l&rsquo;aide alimentaire du Nord Biterrois, bas\u00e9e \u00e0 Puimisson, au centre Saint Joseph de Montrouge. C&rsquo;est une association \u00e0 but humanitaire, elle r\u00e9cup\u00e8re les exc\u00e9dants agricoles provenant de la Communaut\u00e9 Europ\u00e9enne, les invendus de l&rsquo;industrie agro-alimentaire et des grandes surfaces, ainsi que les dons de la collecte nationale du dernier week-end de novembre. Ceci en vue de les redistribuer aux personnes en situation de pr\u00e9carit\u00e9 et pour lutter contre la faim et le gaspillage des aliments.<\/p>\n<p style=\"text-align: left;\">Pour b\u00e9n\u00e9ficier de l&rsquo;aide alimentaire, il suffit de se mettre en relation avec le secr\u00e9tariat de la Mairie pour retirer un dossier.<\/p>\n<p style=\"text-align: left;\">Contact CCAS : <span style=\"color: #0000ff;\"><a href=\"mailto:mairie@puissalicon.fr\" target=\"_blank\" rel=\"noopener\">mairie@puissalicon.fr<\/a> <span style=\"color: #333333;\">ou 04.67.36.69.50<\/span><\/span><\/p>\n<p style=\"text-align: left;\">Si besoin, vous pouvez contacter une assistante sociale au Service Territorial de la Solidarit\u00e9 \u00e0 Murviel-les-B\u00e9ziers au 04.67.67.82.90<\/p>\n","protected":false},"excerpt":{"rendered":"<p>Le Centre Communal d&rsquo;Action Sociale Le CCAS est un \u00e9tablissement public administratif communal intervenant principalement dans deux domaines : L&rsquo;aide sociale l\u00e9gale qui, par d\u00e9finition, est la seule attribution obligatoire. L&rsquo;aide sociale facultative qui rel\u00e8ve des choix politiques municipaux. Le CCAS est g\u00e9r\u00e9 par un conseil d&rsquo;administration compos\u00e9 du Maire, Pr\u00e9sident de droit, de membres [&hellip;]<\/p>\n","protected":false},"author":1,"featured_media":6855,"parent":365,"menu_order":0,"comment_status":"closed","ping_status":"closed","template":"","meta":{"footnotes":""},"class_list":["post-3520","page","type-page","status-publish","has-post-thumbnail","hentry"],"post_mailing_queue_ids":[],"_links":{"self":[{"href":"https:\/\/puissalicon.fr\/index.php\/wp-json\/wp\/v2\/pages\/3520","targetHints":{"allow":["GET"]}}],"collection":[{"href":"https:\/\/puissalicon.fr\/index.php\/wp-json\/wp\/v2\/pages"}],"about":[{"href":"https:\/\/puissalicon.fr\/index.php\/wp-json\/wp\/v2\/types\/page"}],"author":[{"embeddable":true,"href":"https:\/\/puissalicon.fr\/index.php\/wp-json\/wp\/v2\/users\/1"}],"replies":[{"embeddable":true,"href":"https:\/\/puissalicon.fr\/index.php\/wp-json\/wp\/v2\/comments?post=3520"}],"version-history":[{"count":15,"href":"https:\/\/puissalicon.fr\/index.php\/wp-json\/wp\/v2\/pages\/3520\/revisions"}],"predecessor-version":[{"id":13249,"href":"https:\/\/puissalicon.fr\/index.php\/wp-json\/wp\/v2\/pages\/3520\/revisions\/13249"}],"up":[{"embeddable":true,"href":"https:\/\/puissalicon.fr\/index.php\/wp-json\/wp\/v2\/pages\/365"}],"wp:featuredmedia":[{"embeddable":true,"href":"https:\/\/puissalicon.fr\/index.php\/wp-json\/wp\/v2\/media\/6855"}],"wp:attachment":[{"href":"https:\/\/puissalicon.fr\/index.php\/wp-json\/wp\/v2\/media?parent=3520"}],"curies":[{"name":"wp","href":"https:\/\/api.w.org\/{rel}","templated":true}]}}