{"id":349,"date":"2017-02-16T14:41:48","date_gmt":"2017-02-16T13:41:48","guid":{"rendered":"http:\/\/www.puissalicon.fr\/test\/?page_id=349"},"modified":"2026-04-03T16:17:58","modified_gmt":"2026-04-03T14:17:58","slug":"tissu-economique","status":"publish","type":"page","link":"https:\/\/puissalicon.fr\/index.php\/renseignements-pratiques\/tissu-economique\/","title":{"rendered":"Tissu \u00e9conomique"},"content":{"rendered":"<p><strong><span style=\"color: #000080;\"><span style=\"text-decoration: underline;\">ASSAINISSEMENT<\/span><\/span><\/strong><\/p>\n<p><span style=\"color: #000000;\"><strong>Entreprise DEL-PINO<\/strong><\/span><\/p>\n<p><span style=\"color: #000000;\">I<\/span><span style=\"color: #000000;\">ntervention express 24h\/24h vidange de fosse, passage cam\u00e9ra &#8211; <\/span><span style=\"color: #000000;\">06.18.83.12.51\/06.84.94.77.60 &#8211; entreprisedelpino@gmail.com<\/span><\/p>\n<p>&nbsp;<\/p>\n<p><span style=\"text-decoration: underline;\"><strong><span style=\"color: #000080; text-decoration: underline;\">CHAMBRES D&rsquo;H\u00d4TES<\/span><\/strong><\/span><\/p>\n<p><span style=\"color: #000000;\"><strong>La Nogar\u00e8de<\/strong> &#8211; Mme LACROUX Christine &#8211; <\/span><span style=\"color: #000000;\">8 rue des Montels &#8211; 04.67.28.41.14\/.06.72.85.03.54 &#8211; www.lanogarede.com<\/span><\/p>\n<p><span style=\"color: #000000;\"><strong>La Fille du B<span style=\"color: #000000;\">erger<\/span><\/strong> &#8211; M. SCHRAEPEN Christophe &#8211; <\/span><span style=\"color: #000000;\">1 lotissement le Moulin des Rives &#8211; 06.29.51.49.04 www.puissalicon.net \/ <\/span><span style=\"color: #000000;\">christophe@puissalicon.net<\/span><\/p>\n<p>&nbsp;<\/p>\n<p><span style=\"text-decoration: underline;\"><strong><span style=\"color: #000080; text-decoration: underline;\">CHARCUTERIE<\/span><\/strong><\/span><\/p>\n<p><span style=\"color: #000000;\"><strong>La Trivalle<\/strong> &#8211; M. TRISTANT Herv\u00e9 &#8211; <\/span><span style=\"color: #000000;\">06.80.89.35.33 &#8211; tristant-herve@orange.fr<\/span><\/p>\n<p>&nbsp;<\/p>\n<p><span style=\"text-decoration: underline;\"><strong><span style=\"color: #000080; text-decoration: underline;\">COIFFURE MIXTE<\/span><\/strong><\/span><\/p>\n<p><strong><span style=\"color: #000000;\">Aur\u00e9&rsquo;Coiff\u00a0<\/span><\/strong><span style=\"color: #000000;\">&#8211; Mme GOMES Aur\u00e9lie &#8211; 97 avenue de B\u00e9ziers &#8211; 06.23.56.87.29 (salon)<\/span><\/p>\n<p>&nbsp;<\/p>\n<p><span style=\"text-decoration: underline;\"><strong><span style=\"color: #000080; text-decoration: underline;\">COMMUNICATION DIGITALE<\/span><\/strong><\/span><\/p>\n<p><strong>Virginie CARDELLI &#8211;<\/strong> 06.06.72.89.40 &#8211; cardelli.virginie@gmail.com<\/p>\n<p>&nbsp;<\/p>\n<p><span style=\"text-decoration: underline;\"><span style=\"color: #000080; text-decoration: underline;\"><strong>COURTAGE EN CR\u00c9DIT, CONSEILS TOUTES ASSURANCES<\/strong><\/span><\/span><\/p>\n<p><span style=\"color: #000000;\"><strong>M. NAVARRO Pascal<\/strong> &#8211; 06.31.03.95.98 &#8211; pascalnavarro4@gmail.com<\/span><\/p>\n<p>&nbsp;<\/p>\n<p><span style=\"text-decoration: underline;\"><span style=\"color: #000080; text-decoration: underline;\"><strong>COQUILLAGES DE BOUZIGUES<\/strong><\/span><\/span><\/p>\n<p><strong><span style=\"color: #000000;\">M. FABRE Luc<\/span><\/strong><span style=\"color: #000000;\"> &#8211; 04.67.43.98.98\/06.14.88.52.19<\/span><\/p>\n<p>&nbsp;<\/p>\n<p><span style=\"text-decoration: underline;\"><span style=\"color: #000080; text-decoration: underline;\"><strong>D\u00c9PANNAGE CHAUDI\u00c8RES CLIMATISATION<\/strong><\/span><\/span><\/p>\n<p><strong><span style=\"color: #000000;\">K&amp;Cie Service<\/span><\/strong><span style=\"color: #000000;\"> &#8211; M. <\/span><span style=\"color: #000000;\">KACI Thierry &#8211; 06.46.43.14.44 &#8211;<\/span> <a href=\"mailto:kcie-services@sfr.fr\" target=\"_blank\" rel=\"noopener\">kcie-services@sfr.fr<\/a><\/p>\n<p>&nbsp;<\/p>\n<p><span style=\"text-decoration: underline;\"><span style=\"color: #000080; text-decoration: underline;\"><strong>DESTRUCTION NUISIBLES<\/strong><\/span><\/span><\/p>\n<p><strong><span style=\"color: #000000;\">MTB<\/span><span style=\"color: #000000;\"> 3D\u00a0<\/span><\/strong><span style=\"color: #000000;\">&#8211; 09.54.58.81.15\/06.59.11.01.27 &#8211; mtb.deratisations@gmail.com<\/span><\/p>\n<p>&nbsp;<\/p>\n<p><span style=\"text-decoration: underline;\"><span style=\"color: #000080; text-decoration: underline;\"><strong>\u00c9LECTRICIT\u00c9<\/strong><\/span><\/span><\/p>\n<p><span style=\"color: #000000;\"><strong>M. CLUA Fran\u00e7ois<\/strong> &#8211; 06.86.87.85.28 &#8211; 04.67.36.64.07<\/span><\/p>\n<p><span style=\"color: #000000;\"><strong>M. SAUNE Pascal<\/strong> &#8211; 06.83.56.59.13 &#8211; <a href=\"mailto:pascal.saune34@orange.fr\" target=\"_blank\" rel=\"noopener\">pascal.saune34@orange.fr<\/a><\/span><\/p>\n<p><span style=\"color: #000000;\"><strong>M. CARCENAC Arnaud<\/strong> &#8211; 06.71.35.12.11 &#8211; <a href=\"mailto:arnaudclimelec@gmail.com\" target=\"_blank\" rel=\"noopener\">arnaudclimelec@gmail.com<\/a><\/span><\/p>\n<p>&nbsp;<\/p>\n<p><span style=\"text-decoration: underline;\"><span style=\"color: #000080; text-decoration: underline;\"><strong>\u00c9LEVAGE CANIN<\/strong><\/span><\/span><\/p>\n<p><span style=\"color: #000000;\"><strong>Centre canin des Plaines de Septimanie<\/strong> &#8211; \u00e9<\/span><span style=\"color: #000000;\">levage \u00e9pagneul breton-pension-alimentation<\/span><\/p>\n<p><span style=\"color: #000000;\">1605 avenue de B\u00e9ziers &#8211; 04.67.36.21.24\/06.10.19.77.72<\/span><\/p>\n<p>&nbsp;<\/p>\n<p><span style=\"text-decoration: underline;\"><span style=\"color: #000080; text-decoration: underline;\"><strong>\u00c9PICERIE-TABAC-PRESSE-JEUX<\/strong><\/span><\/span><\/p>\n<p><span style=\"color: #000000;\">3 rue de la Barbacane<\/span><\/p>\n<p>&nbsp;<\/p>\n<p><span style=\"text-decoration: underline;\"><span style=\"color: #000080; text-decoration: underline;\"><strong>ESTH\u00c9TIQUE<\/strong><\/span><\/span><\/p>\n<p><span style=\"color: #000000;\"><strong>CIRES\u00a0 &amp; Confidences<\/strong> &#8211; institut de beaut\u00e9, soins visage &amp; corps, \u00e9pilations, ongles<\/span><\/p>\n<p><span style=\"color: #000000;\">Mme FIORINI Isabelle &#8211; 9 rue du Muscat Puissalicon &#8211; 07.63.99.19.51 sur rendez-vous uniquement.<\/span><\/p>\n<p>&nbsp;<\/p>\n<p><span style=\"text-decoration: underline;\"><strong><span style=\"color: #000080; text-decoration: underline;\">FACTURATION ET T\u00c9L\u00c9TRANSMISSION POUR LES INFIRMIERS<\/span><\/strong><\/span><\/p>\n<p><span style=\"color: #000000;\"><strong>Mme MATHIEU Marjorie<\/strong> &#8211; 04.67.28.50.23\/06.83.03.71.89 &#8211; marjorie.teletrans@sfr.fr<\/span><\/p>\n<p>&nbsp;<\/p>\n<p><span style=\"text-decoration: underline;\"><strong><span style=\"color: #000080; text-decoration: underline;\">FERRONNERIE &#8211; M\u00c9TALLERIE<\/span><\/strong><\/span><\/p>\n<p><span style=\"color: #000000;\"><strong>JASKOFER<\/strong> &#8211; M. JASKOWIAK R\u00e9mi &#8211; 42 avenue de la Gare &#8211; 06.09.62.77.22 &#8211; jaskofer@gmail.com<\/span><\/p>\n<p>&nbsp;<\/p>\n<p><span style=\"text-decoration: underline;\"><span style=\"color: #000080; text-decoration: underline;\"><strong>FRUITS ET L\u00c9GUMES<\/strong><\/span><\/span><\/p>\n<p><span style=\"color: #000000;\"><strong>L\u00e9gumes du jour<\/strong> &#8211; M. BEVOT Guillaume &#8211; paniers de l\u00e9gumes et fruits direct des producteurs<\/span><\/p>\n<p><span style=\"color: #000000;\">4 rue des Oliviers &#8211; 06.26.33.57.12<\/span><\/p>\n<p><span style=\"color: #000000;\">www.legumesdujour.fr \/ <\/span><span style=\"color: #000000;\">legumesdujour@gmail.com<\/span><\/p>\n<p><span style=\"color: #000000;\"><strong>EARL Domaine les Jussi\u00e8res<\/strong> &#8211; Vente samedi matin de 10H \u00e0 12H &#8211; 06.87.08.00.77\/07.86.14.03.30<\/span><\/p>\n<p><span style=\"color: #000000;\">www.facebook.com\/domainelesjussieres<\/span><\/p>\n<p>&nbsp;<\/p>\n<p><span style=\"text-decoration: underline;\"><span style=\"color: #000080; text-decoration: underline;\"><strong>GARAGE<\/strong><\/span><\/span><\/p>\n<p><strong>Garage GDM &#8211;<\/strong> 2 rue Casimir DELHON &#8211; 06.98.51.12.41 &#8211; garage-demiras@outlook.com<\/p>\n<p>&nbsp;<\/p>\n<p><span style=\"text-decoration: underline;\"><span style=\"color: #000080; text-decoration: underline;\"><strong>G\u00ceTES<\/strong><\/span><\/span><\/p>\n<p><strong>Les Lavandes du Moulin &#8211;<\/strong> Locations meubl\u00e9s class\u00e9es, jardin, climatisation, piscine &#8211; M. ALTADILL Fr\u00e9d\u00e9ric &#8211; 136 Chemin des Lavandes &#8211; 06.22.22.81.96\/06.95.63.69.55 &#8211; puissalicon@gmail.com \/ www.herault-location-vacances.com<\/p>\n<p><span style=\"color: #000000;\"><strong>Mme VERGNES Marion &#8211;<\/strong> 605 avenue de la Gare &#8211; <\/span><span style=\"color: #000000;\">04.67.36.21.08\/06.63.66.25.58<\/span><\/p>\n<p><span style=\"color: #000000;\"><strong>Mme VILLEBRUN Christine &#8211;<\/strong> 15 rue de la Barbacane &#8211; <\/span><span style=\"color: #000000;\">06.95.71.61.46 &#8211; ninou.christine@gmail.com<\/span><\/p>\n<p><span style=\"color: #000000;\"><strong>Lo Bornat &#8211;<\/strong> M. LAUR Daniel &#8211; 210 rue des Caves Neuves &#8211; 06.32.39.50.77<\/span><\/p>\n<p><strong>La Closerie &#8211;<\/strong> 184 chemin du Moulin \u00e0 Vent &#8211; 06.58.34.43.93<\/p>\n<p><strong>Olive View &#8211;<\/strong> 210 chemin de la Condamine &#8211; 04.67.48.56.45 &#8211; 210oliveview@gmail.com<\/p>\n<p>&nbsp;<\/p>\n<p><span style=\"text-decoration: underline;\"><span style=\"color: #000080; text-decoration: underline;\"><strong>LIVRAISON MESSAGERIE<\/strong><\/span><\/span><\/p>\n<p><strong><span style=\"color: #000000;\">LIVRAISON DOC<\/span><\/strong><span style=\"color: #000000;\"> &#8211; 06.81.63.75.33<\/span><\/p>\n<p>&nbsp;<\/p>\n<p><span style=\"text-decoration: underline;\"><span style=\"color: #000080; text-decoration: underline;\"><strong>MA\u00c7ONNERIE<\/strong><\/span><\/span><\/p>\n<p><span style=\"color: #000000;\"><b>Mika R\u00e9novation &#8211;<\/b> M. ARIZA Micha\u00ebl- \u00a0tous travaux et nettoyage &#8211; 06.32.62.32.35 &#8211; mikarenovation2@gmail.com<\/span><\/p>\n<p><strong>Greg Works &#8211;<\/strong> M. JORDAN Gr\u00e9gory &#8211; 06.14.51.70.30 &#8211; contact@gregworks.fr<\/p>\n<p><span style=\"color: #000000;\"><strong>M. <span style=\"color: #000000;\">FRADIQUE Christophe<\/span><\/strong> &#8211; route de la Prade &#8211; 06.13.21.60.10 &#8211; christophefradique@sfr.fr<\/span><\/p>\n<p><strong>M. MONTAGN\u00c9 Dylan &#8211;<\/strong> 06.10.14.53.45 &#8211; montagne.dylan34@outlook.fr<\/p>\n<p>&nbsp;<\/p>\n<p><span style=\"text-decoration: underline;\"><span style=\"color: #000080; text-decoration: underline;\"><strong>MENUISERIE-BOIS-METAL<\/strong><\/span><\/span><\/p>\n<p><strong>L&rsquo;ATELIER JORDAN<\/strong><strong> &#8211;<\/strong> 242 rue des Caves Neuves<\/p>\n<p>&nbsp;<\/p>\n<p><span style=\"text-decoration: underline;\"><span style=\"color: #000080; text-decoration: underline;\"><strong>MULTISERVICES<\/strong><\/span><\/span><\/p>\n<p><strong>Loutys Service &#8211;<\/strong> M. BONNET Jacky &#8211; 06.64.69.84.80 &#8211; jackouille.b@gmail.fr<\/p>\n<p>&nbsp;<\/p>\n<p><span style=\"text-decoration: underline;\"><span style=\"color: #000080; text-decoration: underline;\"><strong>PAIN AU LEVAIN<\/strong><\/span><\/span><\/p>\n<p><span style=\"color: #000000;\"><strong>LA FORNADA<\/strong> &#8211; 06.22.26.04.96<\/span><\/p>\n<p>Jours de fourn\u00e9e : mardi et vendredi<\/p>\n<p>A partir de 17H00 au PICAMANDIL<\/p>\n<p>&nbsp;<\/p>\n<p><span style=\"text-decoration: underline;\"><span style=\"color: #000080; text-decoration: underline;\"><strong>PEINTURE D\u00c9CORATION<\/strong><\/span><\/span><\/p>\n<p><span style=\"color: #000000;\"><span style=\"color: #000000;\"><strong>Gabriel D\u00e9coration<\/strong><\/span> &#8211; M. SALVAGNO Gabriel &#8211; 04.67.49.06.65\/06.26.01.80.70<\/span><\/p>\n<p><span style=\"color: #000000;\"><strong>M. DE ANGELIS Laurent<\/strong> &#8211; 06.03.85.59.52<\/span><\/p>\n<p>&nbsp;<\/p>\n<p><span style=\"text-decoration: underline;\"><span style=\"color: #000080; text-decoration: underline;\"><strong>PLOMBERIE CHAUFFAGISTE<\/strong><\/span><\/span><\/p>\n<p><span style=\"color: #000000;\"><strong>M. LOZES Thierry<\/strong> &#8211; 04.67.36.32.00<\/span><\/p>\n<p><span style=\"color: #000000;\"><strong>M. MARTIN Xavier<\/strong> &#8211; 04.67.36.31.83\/06.23.66.07.83 &#8211; <a href=\"mailto:xavier.martin@9online.fr\" target=\"_blank\" rel=\"noopener\">xavier.martin@9online.fr<\/a><\/span><\/p>\n<p><strong>M. QUEVA Alain &#8211;\u00a0<\/strong>04.67.28.50.48 &#8211; 06.40.19.45.05<\/p>\n<p>&nbsp;<\/p>\n<p><span style=\"text-decoration: underline;\"><span style=\"color: #000080; text-decoration: underline;\"><strong>RESTAURANT-H\u00d4TELLERIE-G\u00ceTES-SPA<\/strong><\/span><\/span><\/p>\n<p><span style=\"color: #000000;\"><strong>Ch\u00e2teau St Pierre de Serjac<\/strong> &#8211; restaurant, bar, caveau, spa, d\u00e9gustations, \u00e9v\u00e9nements &#8211; route d\u00e9partementale 30 &#8211; 04.67.80.76.00 &#8211; <a href=\"mailto:reception@serjac.com\" target=\"_blank\" rel=\"noopener\">reception@serjac.com<\/a> \/ www.serjac.com<\/span><\/p>\n<p>&nbsp;<\/p>\n<p><span style=\"text-decoration: underline;\"><span style=\"color: #000080; text-decoration: underline;\"><strong>RESTAURATION<\/strong><\/span><\/span><\/p>\n<p><span style=\"color: #000000;\"><strong>Picamandil<\/strong> &#8211; <\/span><span style=\"color: #000000;\">06.27.29.17.88<\/span><\/p>\n<p>Cave \u00e0 vin &#8211; Cave \u00e0 manger<\/p>\n<p>39 avenue de B\u00e9ziers<\/p>\n<p><span style=\"color: #000000;\"><strong>Chez Louka<\/strong> &#8211; 06.58.11.36.48<\/span><\/p>\n<p><span style=\"color: #000000;\">Pizzeria au feu de bois, burgers et frites maison. Sur place ou \u00e0 emporter<\/span><\/p>\n<p><span style=\"color: #000000;\">95 avenue de B\u00e9ziers<\/span><\/p>\n<p><span style=\"color: #000000;\"><strong>Cap &amp; Mestra &#8211;<\/strong> 07.78.83.89.47<\/span><\/p>\n<p>Restaurant &#8211; \u00ab\u00a0Cuisine inventive, s\u2019inspirant des classiques du bistrot fran\u00e7ais\u00a0\u00bb<\/p>\n<p>71 rue de la Promenade<\/p>\n<p>&nbsp;<\/p>\n<p><span style=\"text-decoration: underline;\"><span style=\"color: #000080; text-decoration: underline;\"><strong>SANT\u00c9<\/strong><\/span><\/span><\/p>\n<p><strong>M\u00e9decin<\/strong><\/p>\n<p>Docteur FOURCADE Jean-Pascal &#8211; 128 rue de la Promenade &#8211; 04.67.36.00.17<\/p>\n<p><strong>Infirmi\u00e8re<\/strong><\/p>\n<p>Mme LLOP G\u00e9raldine &#8211; 13 rue de la Barbacane &#8211; 06.26.15.46.74<\/p>\n<p><span style=\"color: #000000;\"><strong>Kin\u00e9sith\u00e9rapeute \u00e0 domicile<\/strong><\/span><\/p>\n<p><span style=\"color: #000000;\">Mme DORDOIGNE Carine &#8211; 06.22.82.07.43<\/span><\/p>\n<p>&nbsp;<\/p>\n<p><span style=\"text-decoration: underline;\"><span style=\"color: #000080; text-decoration: underline;\"><strong>SERVICE DE M\u00c9NAGE \u00c0 DOMICILE<\/strong><\/span><\/span><\/p>\n<p>Mme TEIXEIRA S\u00e9verine &#8211; aide m\u00e9nag\u00e8re professionnelle &#8211; 06.62.63.64.80<\/p>\n<p>&nbsp;<\/p>\n<p><span style=\"text-decoration: underline;\"><span style=\"color: #000080; text-decoration: underline;\"><strong>TAXI FRAMS<\/strong><\/span><\/span><\/p>\n<p><span style=\"color: #000000;\"><strong>Taxi Frams <\/strong>&#8211; 06.07.05.10.75<\/span><\/p>\n<p>&nbsp;<\/p>\n<p><span style=\"text-decoration: underline;\"><span style=\"color: #000080; text-decoration: underline;\"><strong>TERRASSEMENT &#8211; TP<\/strong><\/span><\/span><\/p>\n<p><strong><span style=\"color: #000000;\">M. GAMBIN<\/span><span style=\"color: #000000;\"> Guillaume\u00a0<\/span><\/strong><span style=\"color: #000000;\">&#8211; am\u00e9nagement ext\u00e9rieur &#8211; 06.64.08.79.31 &#8211; guillaume.gambin@gmail.com<\/span><\/p>\n<p>&nbsp;<\/p>\n<p><span style=\"text-decoration: underline;\"><span style=\"color: #000080; text-decoration: underline;\"><strong>TRANSPORTS &#8211; TRAVAUX AGRICOLES<\/strong><\/span><\/span><\/p>\n<p><span style=\"color: #000000;\"><strong>SARL Transports BARTHEZ Fils &#8211;<\/strong> 152 route de Lieuran &#8211; 04.67.36.23.31<\/span><\/p>\n<p><strong>Jacques BOYER<\/strong> &#8211; 04.67.36.27.23<\/p>\n","protected":false},"excerpt":{"rendered":"<p>ASSAINISSEMENT Entreprise DEL-PINO Intervention express 24h\/24h vidange de fosse, passage cam\u00e9ra &#8211; 06.18.83.12.51\/06.84.94.77.60 &#8211; entreprisedelpino@gmail.com &nbsp; CHAMBRES D&rsquo;H\u00d4TES La Nogar\u00e8de &#8211; Mme LACROUX Christine &#8211; 8 rue des Montels &#8211; 04.67.28.41.14\/.06.72.85.03.54 &#8211; www.lanogarede.com La Fille du Berger &#8211; M. SCHRAEPEN Christophe &#8211; 1 lotissement le Moulin des Rives &#8211; 06.29.51.49.04 www.puissalicon.net \/ christophe@puissalicon.net &nbsp; CHARCUTERIE [&hellip;]<\/p>\n","protected":false},"author":1,"featured_media":0,"parent":191,"menu_order":0,"comment_status":"closed","ping_status":"closed","template":"","meta":{"footnotes":""},"class_list":["post-349","page","type-page","status-publish","hentry"],"post_mailing_queue_ids":[],"_links":{"self":[{"href":"https:\/\/puissalicon.fr\/index.php\/wp-json\/wp\/v2\/pages\/349","targetHints":{"allow":["GET"]}}],"collection":[{"href":"https:\/\/puissalicon.fr\/index.php\/wp-json\/wp\/v2\/pages"}],"about":[{"href":"https:\/\/puissalicon.fr\/index.php\/wp-json\/wp\/v2\/types\/page"}],"author":[{"embeddable":true,"href":"https:\/\/puissalicon.fr\/index.php\/wp-json\/wp\/v2\/users\/1"}],"replies":[{"embeddable":true,"href":"https:\/\/puissalicon.fr\/index.php\/wp-json\/wp\/v2\/comments?post=349"}],"version-history":[{"count":35,"href":"https:\/\/puissalicon.fr\/index.php\/wp-json\/wp\/v2\/pages\/349\/revisions"}],"predecessor-version":[{"id":13265,"href":"https:\/\/puissalicon.fr\/index.php\/wp-json\/wp\/v2\/pages\/349\/revisions\/13265"}],"up":[{"embeddable":true,"href":"https:\/\/puissalicon.fr\/index.php\/wp-json\/wp\/v2\/pages\/191"}],"wp:attachment":[{"href":"https:\/\/puissalicon.fr\/index.php\/wp-json\/wp\/v2\/media?parent=349"}],"curies":[{"name":"wp","href":"https:\/\/api.w.org\/{rel}","templated":true}]}}