{"id":340,"date":"2017-02-16T14:25:34","date_gmt":"2017-02-16T13:25:34","guid":{"rendered":"http:\/\/www.puissalicon.fr\/test\/?page_id=340"},"modified":"2026-04-01T14:50:18","modified_gmt":"2026-04-01T12:50:18","slug":"conseil-municipal","status":"publish","type":"page","link":"https:\/\/puissalicon.fr\/index.php\/page-d-exemple-2\/conseil-municipal\/","title":{"rendered":"Conseil Municipal &#8211; Composition"},"content":{"rendered":"<hr \/>\n<hr \/>\n<h5><strong>Maire<\/strong><\/h5>\n<h5><span style=\"color: #0000ff;\">FARENC Michel<\/span><\/h5>\n<hr \/>\n<h5><strong style=\"font-style: inherit;\">1er adjoint au maire<\/strong><\/h5>\n<h5><span style=\"color: #0000ff;\">FERRE G\u00e9rard<\/span><\/h5>\n<h5><em><u>D\u00e9l\u00e9gations :<\/u><\/em><em> services techniques, mat\u00e9riels, travaux, r\u00e9seaux et voirie, b\u00e2timents communaux, cimeti\u00e8re, urbanisme et environnement, viticulture, aire de lavage, police pluri communale, personnel communal<\/em><\/h5>\n<hr \/>\n<h5><strong style=\"font-style: inherit;\">2\u00e8me adjoint au maire<\/strong><\/h5>\n<h5><span style=\"color: #0000ff;\">AMEN-LORENTE Marie<\/span><\/h5>\n<h5><em><u>D\u00e9l\u00e9gations :<\/u><\/em> <em>affaires culturelles<\/em><em>, patrimoine, m\u00e9diath\u00e8que<\/em><\/h5>\n<hr \/>\n<h5><strong style=\"font-style: inherit;\">3\u00e8me adjoint au maire<\/strong><\/h5>\n<h5><span style=\"color: #0000ff;\">SERMET Nicolas<\/span><\/h5>\n<h5><em><u>D\u00e9l\u00e9gations :<\/u><\/em><em>\u00a0 affaires sociales, residence seniors Farabel, <\/em><em>finances communales, budget, march\u00e9s publics<\/em><\/h5>\n<hr \/>\n<h5><strong style=\"font-style: inherit;\">4\u00e8me adjoint au maire<\/strong><\/h5>\n<h5><span style=\"color: #0000ff;\">MATHIEU Marjorie<\/span><\/h5>\n<h5><em><u>D\u00e9l\u00e9gations :<\/u><\/em><em> \u00e9cole, jeunesse, petite enfance<\/em><\/h5>\n<hr \/>\n<h5><strong style=\"font-style: inherit;\">Conseillers municipaux d\u00e9l\u00e9gu\u00e9s<\/strong><\/h5>\n<h5><span style=\"color: #0000ff;\">GAU Rose-Marie<\/span><\/h5>\n<h5><em><u>D\u00e9l\u00e9gations :<\/u><\/em><em> associations, affaires sportives, festivit\u00e9s, r\u00e9ceptions, c\u00e9r\u00e9monies<\/em><\/h5>\n<h5><span style=\"color: #0000ff;\">DELABARRE Gwendoline<\/span><\/h5>\n<h5><em><u>D\u00e9l\u00e9gations :<\/u><\/em><em> communication<\/em><\/h5>\n<hr \/>\n<h5><strong style=\"font-style: inherit;\">Conseillers municipaux<\/strong><\/h5>\n<h5><span style=\"color: #0000ff;\">DANDLER Corinne<\/span><\/h5>\n<h5><span style=\"color: #0000ff;\">JAUVERT Daniel<\/span><\/h5>\n<h5><span style=\"color: #0000ff;\">ROYER Marie-Jeanne<\/span><\/h5>\n<h5><span style=\"color: #0000ff;\">CHOUIN Florian<\/span><\/h5>\n<h5><span style=\"color: #0000ff;\">ROQUES Clement<\/span><\/h5>\n<h5><span style=\"color: #0000ff;\">DELAPORTE Celine<\/span><\/h5>\n<h5><span style=\"color: #0000ff;\">HOULES Nicolas<\/span><\/h5>\n<h5><span style=\"color: #0000ff;\">MACHO Anthony<\/span><\/h5>\n<hr \/>\n<hr \/>\n<h5><strong style=\"font-style: inherit;\">1 &#8211; Commission communale : services techniques, mat\u00e9riels, travaux, r\u00e9seaux, voirie, b\u00e2timents communaux, cimeti\u00e8re, urbanisme et environnement, viticulture, aire de lavage, police pluri communale, personnel communal<\/strong><\/h5>\n<h5><span style=\"color: #0000ff;\">FERRE G\u00e9rard (Vice-Pr\u00e9sident) &#8211; <\/span><span style=\"color: #0000ff;\">FARENC Michel <\/span><span style=\"color: #0000ff;\">&#8211;\u00a0<\/span><span style=\"color: #0000ff;\">AMEN-LORENTE &#8211; SERMET Nicolas &#8211; GAU Rose-Marie &#8211; ROYER Marie-Jeanne &#8211; CHOUIN Florian &#8211; DELABARRE Gwendoline &#8211; ROQUES Cl\u00e9ment &#8211; HOULES Nicolas<\/span><\/h5>\n<hr \/>\n<h5><strong style=\"font-style: inherit;\">2 &#8211; Commission communale : affaires culturelles, patrimoine, m\u00e9diath\u00e8que\u00a0<\/strong><\/h5>\n<h5><span style=\"color: #0000ff;\">AMEN-<\/span><span style=\"color: #0000ff;\">LORENTE Marie<\/span><span style=\"color: #0000ff;\"> (Vice-Pr\u00e9sidente) <\/span><span style=\"color: #0000ff;\">&#8211; <\/span><span style=\"color: #0000ff;\">FARENC Michel <\/span><span style=\"color: #0000ff;\">&#8211;\u00a0<\/span><span style=\"color: #0000ff;\">FERRE G\u00e9rard &#8211; <\/span><span style=\"color: #0000ff;\">GAU Rose-Marie &#8211; DANDLER Corinne &#8211; JAUVERT Daniel &#8211; DELABARRE Gwendoline &#8211; DELAPORTE C\u00e9line\u00a0<\/span><\/h5>\n<hr \/>\n<h5><strong style=\"font-style: inherit;\">3 &#8211; Commission communale : affaires sociales, r\u00e9sidence seniors Farabel, <\/strong><strong style=\"font-style: inherit;\">finances communales, budget, march\u00e9s publics<\/strong><\/h5>\n<h5><span style=\"color: #0000ff;\">SERMET Nicolas<\/span><span style=\"color: #0000ff;\"> (Vice-Pr\u00e9sident) <\/span><span style=\"color: #0000ff;\">&#8211; <\/span><span style=\"color: #0000ff;\">FARENC Michel <\/span><span style=\"color: #0000ff;\">&#8211;\u00a0<\/span><span style=\"color: #0000ff;\">FERRE G\u00e9rard &#8211; MATHIEU Marjorie &#8211; <\/span><span style=\"color: #0000ff;\">GAU Rose-Marie &#8211; ROYER Marie-Jeanne &#8211; CHOUIN Florian &#8211; HOULES Nicolas<\/span><\/h5>\n<hr \/>\n<h5><strong style=\"font-style: inherit;\">4 &#8211; Commission communale : \u00e9cole, jeunesse, petite enfance<\/strong><\/h5>\n<h5><span style=\"color: #0000ff;\">MATHIEU Marjorie<\/span><span style=\"color: #0000ff;\"> (Vice-Pr\u00e9sidente)\u00a0<\/span><span style=\"color: #0000ff;\">&#8211; <\/span><span style=\"color: #0000ff;\">FARENC Michel <\/span><span style=\"color: #0000ff;\">&#8211;\u00a0<\/span><span style=\"color: #0000ff;\">FERRE G\u00e9rard &#8211; AMEN-LORENTE &#8211; SERMET Nicolas &#8211; GAU Rose-Marie &#8211; DELABARRE Gwendoline &#8211; DELAPORTE C\u00e9line<\/span><\/h5>\n<hr \/>\n<h5><strong style=\"font-style: inherit;\">5 &#8211; Commission communale : associations, affaires sportives, festivit\u00e9s, r\u00e9ceptions, c\u00e9r\u00e9monies<\/strong><\/h5>\n<h5><span style=\"color: #0000ff;\">GAU Rose-Marie <\/span><span style=\"color: #0000ff;\">(Vice-Pr\u00e9sidente) <\/span><span style=\"color: #0000ff;\">&#8211; <\/span><span style=\"color: #0000ff;\">FARENC Michel <\/span><span style=\"color: #0000ff;\">&#8211;\u00a0<\/span><span style=\"color: #0000ff;\">FERRE G\u00e9rard &#8211; AMEN-LORENTE Marie &#8211; SERMET Nicolas &#8211; MATHIEU Marjorie<\/span><span style=\"color: #0000ff;\"> &#8211; ROQUES Cl\u00e9ment &#8211; ROYER Marie-Jeanne &#8211; MACHO Anthony<\/span><\/h5>\n<hr \/>\n<h5><strong style=\"font-style: inherit;\">6 &#8211; Commission communale : communication<\/strong><\/h5>\n<h5><span style=\"color: #0000ff;\">DELABARRE Gwendoline (Vice-Pr\u00e9sidente) &#8211; <\/span><span style=\"color: #0000ff;\">FARENC Michel <\/span><span style=\"color: #0000ff;\">&#8211;\u00a0<\/span><span style=\"color: #0000ff;\">FERRE G\u00e9rard &#8211; SERMET Nicolas &#8211; MACHO Anthony\u00a0 \u00a0<\/span><span style=\"color: #0000ff; font-size: 16px;\">\u00a0<\/span><\/h5>\n<hr \/>\n<hr \/>\n<h5><strong style=\"font-style: inherit;\">Comit\u00e9 consultatif : Am\u00e9nagement, s\u00e9curit\u00e9, affaires sociales, \u00e9cole, jeunesse, associations<\/strong><\/h5>\n<h5><span style=\"color: #0000ff;\">FARENC Michel &#8211; AMEN-LORENTE Marie &#8211; SERMET Nicolas &#8211; JAUVERT Daniel &#8211; ROYER Marie-Jeanne &#8211; DELABARRE Gwendoline <em>(membres du conseil municipal)<\/em><\/span><\/h5>\n<h5><span style=\"color: #0000ff;\">DEMBELE Tom &#8211; MICHELET Anaelle &#8211; CRITG Stephane &#8211; DIAZ DE QUIJANO Laura &#8211; BLANCOU Hubert <em>(administr\u00e9s)<\/em><\/span><\/h5>\n<hr \/>\n<hr \/>\n<h5><strong style=\"font-style: inherit;\">Commission d&rsquo;Appel d&rsquo;Offres (CAO)<\/strong><\/h5>\n<h5><span style=\"color: #0000ff;\">FARENC Michel <i>&#8211;\u00a0<\/i><\/span><span style=\"color: #0000ff;\">FERRE G\u00e9rard &#8211; CHOUIN Florian &#8211; SERMET Nicolas<\/span><span style=\"color: #0000ff;\">\u00a0<em>(titulaires)<\/em><\/span><\/h5>\n<h5><span style=\"color: #0000ff;\">MATHIEU Marjorie &#8211; GAU Rose-Marie &#8211; ROQUES Cl\u00e9ment <em>(suppl\u00e9ants)<\/em><\/span><\/h5>\n<hr \/>\n<hr \/>\n<h5><strong style=\"font-style: inherit;\">Conseil d&rsquo;\u00e9cole<\/strong><\/h5>\n<h5><span style=\"color: #0000ff;\">FARENC Michel <\/span><span style=\"color: #0000ff;\">&#8211; MATHIEU Marjorie<\/span><\/h5>\n<hr \/>\n<hr \/>\n<h5><strong style=\"font-style: inherit;\">Correspondant D\u00e9fense<\/strong><\/h5>\n<h5><span style=\"color: #0000ff;\"><span style=\"color: #0000ff;\">FERRE G\u00e9rard<\/span><\/span><\/h5>\n<hr \/>\n<hr \/>\n<h5><strong style=\"font-style: inherit;\">Repr\u00e9sentant au syndicat mixte H\u00e9rault Energies<\/strong><\/h5>\n<h5><span style=\"color: #0000ff;\">FARENC Michel<\/span><\/h5>\n<hr \/>\n<hr \/>\n<h5><strong style=\"font-style: inherit;\">Repr\u00e9sentant au sein de la SEM-PFO du Pech Bleu<\/strong><\/h5>\n<h5><span style=\"color: #0000ff;\">FARENC Michel<\/span><\/h5>\n<hr \/>\n<hr \/>\n<h5><strong style=\"font-style: inherit;\">Repr\u00e9sentants de la collectivit\u00e9 \u00e0 l&rsquo;assembl\u00e9e g\u00e9n\u00e9rale de l&rsquo;agence technique d\u00e9partementale H\u00e9rault Ing\u00e9nierie<\/strong><\/h5>\n<h5><span style=\"color: #0000ff;\">FARENC Michel (titulaire) &#8211; FERRE Gerard (suppl\u00e9ant)<\/span><\/h5>\n<hr \/>\n<hr \/>\n<h5><strong style=\"font-style: inherit;\">R\u00e9f\u00e8rent SICTOM<\/strong><\/h5>\n<h5><span style=\"color: #0000ff;\">FARENC Michel<\/span><\/h5>\n<hr \/>\n<hr \/>\n<h5><\/h5>\n","protected":false},"excerpt":{"rendered":"<p>Maire FARENC Michel 1er adjoint au maire FERRE G\u00e9rard D\u00e9l\u00e9gations : services techniques, mat\u00e9riels, travaux, r\u00e9seaux et voirie, b\u00e2timents communaux, cimeti\u00e8re, urbanisme et environnement, viticulture, aire de lavage, police pluri communale, personnel communal 2\u00e8me adjoint au maire AMEN-LORENTE Marie D\u00e9l\u00e9gations : affaires culturelles, patrimoine, m\u00e9diath\u00e8que 3\u00e8me adjoint au maire SERMET Nicolas D\u00e9l\u00e9gations :\u00a0 affaires sociales, [&hellip;]<\/p>\n","protected":false},"author":1,"featured_media":5754,"parent":17,"menu_order":0,"comment_status":"closed","ping_status":"closed","template":"","meta":{"footnotes":""},"class_list":["post-340","page","type-page","status-publish","has-post-thumbnail","hentry"],"post_mailing_queue_ids":[],"_links":{"self":[{"href":"https:\/\/puissalicon.fr\/index.php\/wp-json\/wp\/v2\/pages\/340","targetHints":{"allow":["GET"]}}],"collection":[{"href":"https:\/\/puissalicon.fr\/index.php\/wp-json\/wp\/v2\/pages"}],"about":[{"href":"https:\/\/puissalicon.fr\/index.php\/wp-json\/wp\/v2\/types\/page"}],"author":[{"embeddable":true,"href":"https:\/\/puissalicon.fr\/index.php\/wp-json\/wp\/v2\/users\/1"}],"replies":[{"embeddable":true,"href":"https:\/\/puissalicon.fr\/index.php\/wp-json\/wp\/v2\/comments?post=340"}],"version-history":[{"count":39,"href":"https:\/\/puissalicon.fr\/index.php\/wp-json\/wp\/v2\/pages\/340\/revisions"}],"predecessor-version":[{"id":13248,"href":"https:\/\/puissalicon.fr\/index.php\/wp-json\/wp\/v2\/pages\/340\/revisions\/13248"}],"up":[{"embeddable":true,"href":"https:\/\/puissalicon.fr\/index.php\/wp-json\/wp\/v2\/pages\/17"}],"wp:featuredmedia":[{"embeddable":true,"href":"https:\/\/puissalicon.fr\/index.php\/wp-json\/wp\/v2\/media\/5754"}],"wp:attachment":[{"href":"https:\/\/puissalicon.fr\/index.php\/wp-json\/wp\/v2\/media?parent=340"}],"curies":[{"name":"wp","href":"https:\/\/api.w.org\/{rel}","templated":true}]}}