{"id":267,"date":"2017-02-12T22:18:32","date_gmt":"2017-02-12T21:18:32","guid":{"rendered":"http:\/\/www.puissalicon.fr\/test\/?page_id=267"},"modified":"2025-10-10T15:10:49","modified_gmt":"2025-10-10T13:10:49","slug":"service-administratif","status":"publish","type":"page","link":"https:\/\/puissalicon.fr\/index.php\/page-d-exemple-2\/service-administratif\/","title":{"rendered":"Services municipaux"},"content":{"rendered":"<p><span style=\"color: #000000;\"><strong><u>Service administratif<\/u><\/strong><\/span>\u00a0&#8211; <span style=\"color: #0000ff;\"><a style=\"color: #0000ff;\" href=\"mailto:mairie@puissalicon.fr\" target=\"_blank\" rel=\"noopener noreferrer\">mairie@puissalicon.fr<\/a><\/span><span style=\"color: #000000;\">\u00a0<\/span><\/p>\n<p><span style=\"color: #000000;\">FARENC Nicolas &#8211; Secr\u00e9taire g\u00e9n\u00e9ral de mairie<\/span><\/p>\n<p><span style=\"color: #000000;\">ORTUS-GILHODES Audrey &#8211; Agent administratif<\/span><\/p>\n<p>BORDES Marjory &#8211; Agent administratif<\/p>\n<p><span style=\"color: #000000;\"><strong><u>Service technique<\/u><\/strong><\/span>\u00a0&#8211;\u00a0<span style=\"color: #0000ff;\"><a style=\"color: #0000ff;\" href=\"mailto:atelier@puissalicon.fr\" target=\"_blank\" rel=\"noopener noreferrer\">atelier@puissalicon.fr<\/a><\/span><span style=\"color: #000000;\">\u00a0<\/span><\/p>\n<p><span style=\"color: #000000;\">BELLOC Patrick &#8211; Responsable service technique<\/span><\/p>\n<p><span style=\"color: #000000;\">RODEMBOURG Pascal &#8211; Agent technique<\/span><\/p>\n<p><span style=\"color: #000000;\">TOUZET Gregory &#8211; Agent technique<\/span><\/p>\n<p><span style=\"color: #000000;\">SORIANO Dany &#8211; Agent technique<\/span><\/p>\n<p><span style=\"color: #000000;\">BLANC Jeremy &#8211; Agent technique<\/span><\/p>\n<p><span style=\"color: #000000;\"><strong><u>Service \u00e9cole et entretien des b\u00e2timents communaux<\/u><\/strong><\/span><\/p>\n<p><span style=\"color: #000000;\">MICO Myl\u00e8ne &#8211; ATSEM<\/span><\/p>\n<p><span style=\"color: #000000;\">MAERTEN Val\u00e9rie &#8211; Agent technique<\/span><\/p>\n<p><span style=\"color: #000000;\">GARCIA Laetitia &#8211; Agent technique<\/span><\/p>\n<p><span style=\"color: #000000;\">LE ROUX Manon &#8211; Agent technique<\/span><\/p>\n<p>LAVOINE Fouzia &#8211; Agent technique<\/p>\n<p><span style=\"color: #000000;\"><strong><u>Service culturel<\/u><\/strong><\/span><span style=\"color: #000000;\"> &#8211; <span style=\"color: #0000ff;\"><a style=\"color: #0000ff;\" href=\"mailto:mediatheque@puissalicon.fr\" target=\"_blank\" rel=\"noopener\">mediatheque@puissalicon.fr<\/a><\/span><\/span><\/p>\n<p><span style=\"color: #000000;\">DURAND Aurelie &#8211; Responsable m\u00e9diath\u00e8que<\/span><\/p>\n<p><span style=\"color: #000000;\"><strong><u>Service Police pluricommunale Magalas-Puissalicon<\/u><\/strong><\/span><span style=\"color: #000000;\">\u00a0&#8211; <span style=\"color: #0000ff;\"><a style=\"color: #0000ff;\" href=\"mailto:police.municipale@ville-magalas.fr\" target=\"_blank\" rel=\"noopener\">police.municipale@ville-magalas.fr<\/a><\/span><\/span><\/p>\n<p>04.67.36.69.80\u00a0 \u00a0\/\u00a0 \u00a006.79.31.95.63<\/p>\n<p><span style=\"color: #000000;\"><strong><u>Service communication<\/u><\/strong><\/span><span style=\"color: #000000;\">\u00a0&#8211; <span style=\"color: #0000ff;\"><a style=\"color: #0000ff;\" href=\"mailto:mediatheque@puissalicon.fr\" target=\"_blank\" rel=\"noopener\">communication@puissalicon.fr<\/a><\/span><\/span><\/p>\n","protected":false},"excerpt":{"rendered":"<p>Service administratif\u00a0&#8211; mairie@puissalicon.fr\u00a0 FARENC Nicolas &#8211; Secr\u00e9taire g\u00e9n\u00e9ral de mairie ORTUS-GILHODES Audrey &#8211; Agent administratif BORDES Marjory &#8211; Agent administratif Service technique\u00a0&#8211;\u00a0atelier@puissalicon.fr\u00a0 BELLOC Patrick &#8211; Responsable service technique RODEMBOURG Pascal &#8211; Agent technique TOUZET Gregory &#8211; Agent technique SORIANO Dany &#8211; Agent technique BLANC Jeremy &#8211; Agent technique Service \u00e9cole et entretien des b\u00e2timents communaux [&hellip;]<\/p>\n","protected":false},"author":1,"featured_media":0,"parent":17,"menu_order":0,"comment_status":"closed","ping_status":"closed","template":"","meta":{"footnotes":""},"class_list":["post-267","page","type-page","status-publish","hentry"],"post_mailing_queue_ids":[],"_links":{"self":[{"href":"https:\/\/puissalicon.fr\/index.php\/wp-json\/wp\/v2\/pages\/267","targetHints":{"allow":["GET"]}}],"collection":[{"href":"https:\/\/puissalicon.fr\/index.php\/wp-json\/wp\/v2\/pages"}],"about":[{"href":"https:\/\/puissalicon.fr\/index.php\/wp-json\/wp\/v2\/types\/page"}],"author":[{"embeddable":true,"href":"https:\/\/puissalicon.fr\/index.php\/wp-json\/wp\/v2\/users\/1"}],"replies":[{"embeddable":true,"href":"https:\/\/puissalicon.fr\/index.php\/wp-json\/wp\/v2\/comments?post=267"}],"version-history":[{"count":33,"href":"https:\/\/puissalicon.fr\/index.php\/wp-json\/wp\/v2\/pages\/267\/revisions"}],"predecessor-version":[{"id":12587,"href":"https:\/\/puissalicon.fr\/index.php\/wp-json\/wp\/v2\/pages\/267\/revisions\/12587"}],"up":[{"embeddable":true,"href":"https:\/\/puissalicon.fr\/index.php\/wp-json\/wp\/v2\/pages\/17"}],"wp:attachment":[{"href":"https:\/\/puissalicon.fr\/index.php\/wp-json\/wp\/v2\/media?parent=267"}],"curies":[{"name":"wp","href":"https:\/\/api.w.org\/{rel}","templated":true}]}}