{"id":264,"date":"2017-02-12T22:18:32","date_gmt":"2017-02-12T21:18:32","guid":{"rendered":"http:\/\/www.puissalicon.fr\/test\/?page_id=264"},"modified":"2026-04-03T09:51:20","modified_gmt":"2026-04-03T07:51:20","slug":"ecoles","status":"publish","type":"page","link":"https:\/\/puissalicon.fr\/index.php\/enfancesocial\/ecoles\/","title":{"rendered":"Ecole"},"content":{"rendered":"<table style=\"height: 299px; width: 800px; border-color: #080707;\" border=\"2\">\n<tbody>\n<tr style=\"border-color: #000000;\">\n<td style=\"width: 123px; background-color: #f0e4e4; border-color: #000000; text-align: center;\"><strong>Horaires<\/strong><\/td>\n<td style=\"width: 123px; background-color: #f0e4e4; border-color: #000000; text-align: center;\"><span style=\"color: #ff0000;\"><strong>Lundi<\/strong><\/span><\/td>\n<td style=\"width: 123px; background-color: #f0e4e4; border-color: #000000; text-align: center;\"><span style=\"color: #ff0000;\"><strong>Mardi<\/strong><\/span><\/td>\n<td style=\"width: 106px; background-color: #f0e4e4; border-color: #000000; text-align: center;\"><span style=\"color: #ff0000;\"><strong>Jeudi<\/strong><\/span><\/td>\n<td style=\"width: 106px; background-color: #f0e4e4; border-color: #000000; text-align: center;\"><span style=\"color: #ff0000;\"><strong>Vendredi<\/strong><\/span><\/td>\n<\/tr>\n<tr>\n<td style=\"width: 123px; background-color: #f0bdbd; border-color: #000000; text-align: center;\"><strong>7H15 \u2013 8h30<\/strong><\/td>\n<td style=\"width: 580px; background-color: #f0bdbd; border-color: #000000; text-align: center;\" colspan=\"4\">Garderie<\/td>\n<\/tr>\n<tr>\n<td style=\"width: 123px; background-color: #f7d38b; border-color: #000000; text-align: center;\"><strong>8H30 &#8211; 12H00<\/strong><\/td>\n<td style=\"width: 580px; background-color: #f7d38b; border-color: #000000; text-align: center;\" colspan=\"4\">Ecole<\/td>\n<\/tr>\n<tr>\n<td style=\"width: 123px; background-color: #acdcf2; border-color: #000000; text-align: center;\"><strong>12H00 &#8211; 13H45<\/strong><\/td>\n<td style=\"width: 246px; background-color: #acdcf2; border-color: #000000; text-align: center;\" colspan=\"4\">Pause m\u00e9ridienne<\/td>\n<\/tr>\n<tr>\n<td style=\"width: 123px; background-color: #f7d38b; border-color: #000000; text-align: center;\"><strong>13H45 &#8211; 16H15<\/strong><\/td>\n<td style=\"width: 246px; background-color: #f7d38b; border-color: #000000; text-align: center;\" colspan=\"4\">Ecole<\/td>\n<\/tr>\n<tr>\n<td style=\"width: 123px; background-color: #f0bdbd; border-color: #000000; text-align: center;\"><strong>16H15 &#8211; 18H15<\/strong><\/td>\n<td style=\"width: 246px; background-color: #f0bdbd; border-color: #000000; text-align: center;\" colspan=\"4\">Garderie<\/td>\n<\/tr>\n<\/tbody>\n<\/table>\n<p>&nbsp;<\/p>\n<p><span style=\"color: #000000;\"><span style=\"font-size: 14pt;\"><u>Les professeurs des \u00e9coles<\/u><\/span><\/span><\/p>\n<p><span style=\"color: #000000;\"><span style=\"font-size: 14pt;\"><u>Directeur<\/u>:<\/span> M. FABRE J\u00e9r\u00f4me<\/span><\/p>\n<p>&nbsp;<\/p>\n<p>Mme SORRIBES Karine avec Mme MICO Myl\u00e8ne (ATSEM) &#8211; classe de PS-MS<\/p>\n<p>Mme DALMAS Armony avec Mme GARCIA La\u00ebtitia &#8211; classe de GS-CE1<\/p>\n<p>Mme ESCANDE Emilie &#8211; classe de CP-CE1<\/p>\n<p>Mme BELABBAS Karine &#8211; classe de CE2-CM2<\/p>\n<p>M. FABRE J\u00e9r\u00f4me et M. ROMO Nicolas (rempla\u00e7ant) &#8211; classe de CM1-CM2<\/p>\n<p>&nbsp;<\/p>\n<p><span style=\"text-decoration: underline;\"><strong>Coordonn\u00e9es de l&rsquo;\u00e9cole de Puissalicon<\/strong><\/span><\/p>\n<p>28 rue de la Promenade &#8211; 34480 PUISSALICON<\/p>\n<p>04.67.36.23.29<\/p>\n<p><a class=\"email\" title=\"R\u00e9diger un courriel \u00e0\" href=\"mailto:Ce.0340631B@ac-montpellier.fr\" target=\"_blank\" rel=\"noopener\">Ce.0340631B@ac-montpellier.fr<\/a><\/p>\n<p>&nbsp;<\/p>\n<p><span style=\"text-decoration: underline;\"><strong>Dossier d&rsquo;inscription scolaire ann\u00e9e 2025-2026<\/strong><\/span><\/p>\n<p>Vous trouverez ci-dessous au format PDF, le dossier d&rsquo;inscription scolaire \u00e0 retourner en Mairie complet.<\/p>\n<p><a href=\"https:\/\/puissalicon.fr\/wp-content\/uploads\/2026\/04\/Fiche-inscription-ECOLE-2026-2027.pdf\" target=\"_blank\" rel=\"noopener\">Fiche inscription ECOLE 2026-2027<\/a><\/p>\n<p>&nbsp;<\/p>\n<p>&nbsp;<\/p>\n<p>&nbsp;<\/p>\n<p>&nbsp;<\/p>\n<p><a href=\"https:\/\/www.monespacefamille.fr\/accueil\/\" target=\"_blank\" rel=\"noopener\"><img loading=\"lazy\" decoding=\"async\" class=\"alignnone size-medium wp-image-7499\" src=\"https:\/\/puissalicon.fr\/wp-content\/uploads\/2020\/12\/monesacefamille-300x70.png\" alt=\"\" width=\"300\" height=\"70\" srcset=\"https:\/\/puissalicon.fr\/wp-content\/uploads\/2020\/12\/monesacefamille-300x70.png 300w, https:\/\/puissalicon.fr\/wp-content\/uploads\/2020\/12\/monesacefamille.png 465w\" sizes=\"auto, (max-width: 300px) 100vw, 300px\" \/><\/a><\/p>\n<p><a href=\"https:\/\/www.monespacefamille.fr\/accueil\/\" target=\"_blank\" rel=\"noopener\">https:\/\/www.monespacefamille.fr\/accueil\/<\/a><\/p>\n","protected":false},"excerpt":{"rendered":"<p>Horaires Lundi Mardi Jeudi Vendredi 7H15 \u2013 8h30 Garderie 8H30 &#8211; 12H00 Ecole 12H00 &#8211; 13H45 Pause m\u00e9ridienne 13H45 &#8211; 16H15 Ecole 16H15 &#8211; 18H15 Garderie &nbsp; Les professeurs des \u00e9coles Directeur: M. FABRE J\u00e9r\u00f4me &nbsp; Mme SORRIBES Karine avec Mme MICO Myl\u00e8ne (ATSEM) &#8211; classe de PS-MS Mme DALMAS Armony avec Mme GARCIA La\u00ebtitia [&hellip;]<\/p>\n","protected":false},"author":1,"featured_media":6677,"parent":365,"menu_order":0,"comment_status":"closed","ping_status":"closed","template":"","meta":{"footnotes":""},"class_list":["post-264","page","type-page","status-publish","has-post-thumbnail","hentry"],"post_mailing_queue_ids":[],"_links":{"self":[{"href":"https:\/\/puissalicon.fr\/index.php\/wp-json\/wp\/v2\/pages\/264","targetHints":{"allow":["GET"]}}],"collection":[{"href":"https:\/\/puissalicon.fr\/index.php\/wp-json\/wp\/v2\/pages"}],"about":[{"href":"https:\/\/puissalicon.fr\/index.php\/wp-json\/wp\/v2\/types\/page"}],"author":[{"embeddable":true,"href":"https:\/\/puissalicon.fr\/index.php\/wp-json\/wp\/v2\/users\/1"}],"replies":[{"embeddable":true,"href":"https:\/\/puissalicon.fr\/index.php\/wp-json\/wp\/v2\/comments?post=264"}],"version-history":[{"count":34,"href":"https:\/\/puissalicon.fr\/index.php\/wp-json\/wp\/v2\/pages\/264\/revisions"}],"predecessor-version":[{"id":13261,"href":"https:\/\/puissalicon.fr\/index.php\/wp-json\/wp\/v2\/pages\/264\/revisions\/13261"}],"up":[{"embeddable":true,"href":"https:\/\/puissalicon.fr\/index.php\/wp-json\/wp\/v2\/pages\/365"}],"wp:featuredmedia":[{"embeddable":true,"href":"https:\/\/puissalicon.fr\/index.php\/wp-json\/wp\/v2\/media\/6677"}],"wp:attachment":[{"href":"https:\/\/puissalicon.fr\/index.php\/wp-json\/wp\/v2\/media?parent=264"}],"curies":[{"name":"wp","href":"https:\/\/api.w.org\/{rel}","templated":true}]}}