{"id":191,"date":"2017-02-12T14:12:10","date_gmt":"2017-02-12T13:12:10","guid":{"rendered":"http:\/\/www.puissalicon.fr\/test\/?page_id=191"},"modified":"2022-10-18T17:10:05","modified_gmt":"2022-10-18T15:10:05","slug":"renseignements-pratiques","status":"publish","type":"page","link":"https:\/\/puissalicon.fr\/index.php\/renseignements-pratiques\/","title":{"rendered":"Renseignements Pratiques"},"content":{"rendered":"<h3><span style=\"color: #ff0000;\"><strong><u>La Poste<\/u><\/strong><\/span><\/h3>\n<p><span style=\"color: #000000;\">13 Rue de la Barbacane 34480 Puissalicon<\/span><\/p>\n<p><span style=\"color: #000000;\">T\u00e9l\u00a0: 04\/67\/36\/22\/18<\/span><\/p>\n<p><span style=\"color: #000000;\"><strong>Ouverture du Bureau\u00a0:<\/strong> Lundi au samedi\u00a0 de 9h \u00e0 11h<\/span><\/p>\n<p>&nbsp;<\/p>\n<h3><span style=\"color: #ff0000;\"><strong><u>Communaut\u00e9 de Communes Les\u00a0<\/u><\/strong><strong><u>Avant-Monts<\/u><\/strong><\/span><\/h3>\n<p><span style=\"color: #000000;\">Z.A.E. L\u2019Audacieuse<\/span><\/p>\n<p><span style=\"color: #000000;\">34480 Magalas<\/span><\/p>\n<p><span style=\"color: #000000;\">T\u00e9l: 04-67-36-07-51<\/span><\/p>\n<p><span style=\"color: #000000;\">Mail : <a style=\"color: #000000;\" href=\"mailto:contact@avant-monts\">contact@avant-monts<\/a><\/span><\/p>\n<p>&nbsp;<\/p>\n<h3><span style=\"color: #ff0000;\"><strong><u>Commerces Ambulants<\/u><\/strong><\/span><\/h3>\n<ul style=\"list-style-type: disc;\">\n<li>Charcutier de LACAUNE Jacques MILHAU-La Trivalle 81320 MOULIN-MAGE<\/li>\n<\/ul>\n<p>T\u00e9l\u00a0: 05-63-37-45-02\u2026\u2026\u2026\u2026\u2026\u2026\u2026\u2026\u2026\u2026\u2026\u2026.\u2026&#8230;.\u2026\u2026.Place de la Barbacane \u00a0 \u00a0 &#8211; Mardi 7h \u00e0 10h<\/p>\n<ul style=\"list-style-type: disc;\">\n<li>Boucherie Charcuterie Franco\u00a0\u2026\u2026\u2026\u2026\u2026\u2026\u2026..\u2026&#8230;\u2026..Promenade \u00a0 \u00a0 \u00a0 \u00a0 \u00a0 \u00a0 \u00a0 \u00a0 \u00a0 \u00a0 \u00a0 \u00a0&#8211; Vendredi 9h \u00e0 10h<\/li>\n<\/ul>\n<ul style=\"list-style-type: disc;\">\n<li>Producteur de coquillages Bouzigues\u2026\u2026\u2026\u2026&#8230;\u2026\u2026&#8230;Place de la Barbacane \u00a0 \u00a0 &#8211; Vendredi \u00e0 partie de 19h<\/li>\n<\/ul>\n<p>&nbsp;<\/p>\n<h3><span style=\"color: #ff0000;\"><strong><u>CPAM de l&rsquo;H\u00e9rault<\/u><\/strong><\/span><\/h3>\n<p>&nbsp;<\/p>\n<p>Accueil \u00a0<strong>unique <\/strong>du site de B\u00e9ziers: 2 Rond-point HOURS 34500 BEZIERS.<\/p>\n<p>&nbsp;<\/p>\n<p><u>Jours et horaires d&rsquo;ouverture au public<\/u>\u00a0:<\/p>\n<p>&nbsp;<\/p>\n<p>B\u00e9ziers\u00a0: du lundi au vendredi de 8h \u00e0 17h. (Sauf les premiers jeudis de chaque mois de 8h00 \u00e0 13h00)<\/p>\n<p>Frontignan, Agde et Lod\u00e8ve : lundi, mardi et jeudi de 9h00 \u00e0 12h00 et de 13h00 \u00e0 16h30. (Sauf les premiers jeudis de chaque mois de 9h00 \u00e0 13h30)<\/p>\n<p>Lunel : lundi, mardi, jeudi et vendredi de\u00a09h00 \u00e0 12h00 et de 13h00 \u00e0 16h30. (Sauf les premiers jeudis de chaque mois de 9h00 \u00e0 13h30)<\/p>\n<p>&nbsp;<\/p>\n<p>Vous pouvez retrouver tous ces renseignements sur le site ameli.fr \u00e0 l&rsquo;adresse suivante:\u00a0<a href=\"http:\/\/www.ameli.fr\/herault\/assure\/adresses-et-contact\/points-accueil\" target=\"_blank\" rel=\"noopener noreferrer\">www.ameli.fr\/herault\/assure\/adresses-et-contact\/points-accueil<\/a><\/p>\n","protected":false},"excerpt":{"rendered":"<p>La Poste 13 Rue de la Barbacane 34480 Puissalicon T\u00e9l\u00a0: 04\/67\/36\/22\/18 Ouverture du Bureau\u00a0: Lundi au samedi\u00a0 de 9h \u00e0 11h &nbsp; Communaut\u00e9 de Communes Les\u00a0Avant-Monts Z.A.E. L\u2019Audacieuse 34480 Magalas T\u00e9l: 04-67-36-07-51 Mail : contact@avant-monts &nbsp; Commerces Ambulants Charcutier de LACAUNE Jacques MILHAU-La Trivalle 81320 MOULIN-MAGE T\u00e9l\u00a0: 05-63-37-45-02\u2026\u2026\u2026\u2026\u2026\u2026\u2026\u2026\u2026\u2026\u2026\u2026.\u2026&#8230;.\u2026\u2026.Place de la Barbacane \u00a0 \u00a0 &#8211; Mardi [&hellip;]<\/p>\n","protected":false},"author":1,"featured_media":0,"parent":0,"menu_order":0,"comment_status":"closed","ping_status":"closed","template":"","meta":{"footnotes":""},"class_list":["post-191","page","type-page","status-publish","hentry"],"post_mailing_queue_ids":[],"_links":{"self":[{"href":"https:\/\/puissalicon.fr\/index.php\/wp-json\/wp\/v2\/pages\/191","targetHints":{"allow":["GET"]}}],"collection":[{"href":"https:\/\/puissalicon.fr\/index.php\/wp-json\/wp\/v2\/pages"}],"about":[{"href":"https:\/\/puissalicon.fr\/index.php\/wp-json\/wp\/v2\/types\/page"}],"author":[{"embeddable":true,"href":"https:\/\/puissalicon.fr\/index.php\/wp-json\/wp\/v2\/users\/1"}],"replies":[{"embeddable":true,"href":"https:\/\/puissalicon.fr\/index.php\/wp-json\/wp\/v2\/comments?post=191"}],"version-history":[{"count":2,"href":"https:\/\/puissalicon.fr\/index.php\/wp-json\/wp\/v2\/pages\/191\/revisions"}],"predecessor-version":[{"id":9160,"href":"https:\/\/puissalicon.fr\/index.php\/wp-json\/wp\/v2\/pages\/191\/revisions\/9160"}],"wp:attachment":[{"href":"https:\/\/puissalicon.fr\/index.php\/wp-json\/wp\/v2\/media?parent=191"}],"curies":[{"name":"wp","href":"https:\/\/api.w.org\/{rel}","templated":true}]}}