{"id":150,"date":"2017-02-08T09:25:16","date_gmt":"2017-02-08T08:25:16","guid":{"rendered":"http:\/\/www.puissalicon.fr\/test\/?page_id=150"},"modified":"2023-05-25T08:29:39","modified_gmt":"2023-05-25T06:29:39","slug":"mediatheque","status":"publish","type":"page","link":"https:\/\/puissalicon.fr\/index.php\/mediatheque\/","title":{"rendered":"MEDIATHEQUE"},"content":{"rendered":"<p>&nbsp;<\/p>\n<table class=\" aligncenter\" style=\"height: 248px; border-color: #030202; background-color: #f7fa9b; width: 758px;\">\n<tbody>\n<tr style=\"border-color: #000000; height: 224px;\">\n<td style=\"width: 769px; height: 224px; text-align: center;\">\n<p style=\"text-align: center;\"><span style=\"font-size: 18pt; color: #800000;\"><a href=\"https:\/\/www.puissalicon.fr\/wp-content\/uploads\/2017\/02\/M\u00e9diath\u00e8que-redimensionn-1.jpg\"><img loading=\"lazy\" decoding=\"async\" class=\"wp-image-3723 size-medium alignleft\" src=\"https:\/\/www.puissalicon.fr\/wp-content\/uploads\/2017\/02\/M\u00e9diath\u00e8que-redimensionn-1-300x201.jpg\" alt=\"\" width=\"300\" height=\"201\" \/><\/a><\/span><\/p>\n<p>&nbsp;<\/p>\n<p><span style=\"color: #800080;\"><strong><span style=\"font-size: 18pt;\"><span style=\"font-family: 'comic sans ms', sans-serif;\">MEDIATHEQUE<\/span><\/span><\/strong><\/span><\/p>\n<p><span style=\"color: #800080;\"><strong><span style=\"font-size: 18pt;\"><span style=\"font-family: 'comic sans ms', sans-serif;\">DE<\/span><\/span><\/strong><\/span><\/p>\n<p><span style=\"color: #800080;\"><strong><span style=\"font-size: 18pt;\"><span style=\"font-family: 'comic sans ms', sans-serif;\">PUISSALICON<\/span><\/span><\/strong><\/span><\/td>\n<\/tr>\n<\/tbody>\n<\/table>\n<p>&nbsp;<\/p>\n<p style=\"text-align: center;\"><span style=\"font-size: 18pt; font-family: 'comic sans ms', sans-serif;\"><strong><span style=\"color: #000000;\">HORAIRES D&rsquo;OUVERTURE AU PUBLIC<\/span><\/strong><\/span><\/p>\n<table style=\"height: 125px; border-color: #030202;\" width=\"784\">\n<tbody>\n<tr>\n<td style=\"width: 254px; border-color: #030202;\"><span style=\"font-family: 'comic sans ms', sans-serif; color: #333333;\"><strong><span style=\"font-size: 14pt;\">Mardi<\/span><\/strong><\/span><\/td>\n<td style=\"width: 254px; border-color: #050505; text-align: center;\"><\/td>\n<td style=\"width: 254px; border-color: #030202; text-align: center;\"><span style=\"font-family: 'comic sans ms', sans-serif;\"><strong><span style=\"font-size: 14pt; color: #0000ff;\">16h \u00e0 18h<\/span><\/strong><\/span><\/td>\n<\/tr>\n<tr>\n<td style=\"width: 254px; border-color: #030202;\"><span style=\"font-family: 'comic sans ms', sans-serif; color: #333333;\"><strong><span style=\"font-size: 14pt;\">Mercredi<\/span><\/strong><\/span><\/td>\n<td style=\"width: 254px; border-color: #030202; text-align: center;\"><span style=\"font-family: 'comic sans ms', sans-serif;\"><strong><span style=\"font-size: 14pt; color: #0000ff;\">10h \u00e0 12h<\/span><\/strong>\u00a0<\/span><\/td>\n<td style=\"width: 254px; border-color: #030202; text-align: center;\"><span style=\"font-family: 'comic sans ms', sans-serif;\"><strong><span style=\"font-size: 14pt; color: #0000ff;\">15h\u00a0\u00e0 18h<\/span><\/strong><\/span><\/td>\n<\/tr>\n<tr>\n<td style=\"width: 254px; border-color: #030202;\"><span style=\"font-family: 'comic sans ms', sans-serif; color: #333333;\"><strong><span style=\"font-size: 14pt;\">Jeudi<\/span><\/strong><\/span><\/td>\n<td style=\"width: 254px; border-color: #030202; text-align: center;\"><span style=\"font-family: 'comic sans ms', sans-serif;\"><strong><span style=\"font-size: 14pt; color: #0000ff;\">10h \u00e0 12h<\/span><\/strong><\/span><\/td>\n<td style=\"width: 254px; border-color: #030202; text-align: center;\"><span style=\"font-family: 'comic sans ms', sans-serif;\">\u00a0<\/span><\/td>\n<\/tr>\n<tr>\n<td style=\"width: 254px; border-color: #030202;\"><span style=\"font-family: 'comic sans ms', sans-serif; color: #333333;\"><strong><span style=\"font-size: 14pt;\">Vendredi<\/span><\/strong><\/span><\/td>\n<td style=\"width: 254px; border-color: #030202; text-align: center;\"><span style=\"font-family: 'comic sans ms', sans-serif;\">\u00a0<\/span><\/td>\n<td style=\"width: 254px; border-color: #030202; text-align: center;\"><span style=\"font-family: 'comic sans ms', sans-serif;\"><strong><span style=\"font-size: 14pt; color: #0000ff;\">15h \u00e0 18h<\/span><\/strong><\/span><\/td>\n<\/tr>\n<tr>\n<td style=\"width: 254px; border-color: #030202;\"><span style=\"font-family: 'comic sans ms', sans-serif; color: #333333;\"><strong><span style=\"font-size: 14pt;\">Samedi<\/span><\/strong><\/span><\/td>\n<td style=\"width: 254px; border-color: #030202; text-align: center;\"><span style=\"font-family: 'comic sans ms', sans-serif;\"><strong><span style=\"font-size: 14pt; color: #0000ff;\">10h \u00e0 12h<\/span><\/strong><\/span><\/td>\n<td style=\"width: 254px; border-color: #030202; text-align: center;\"><span style=\"font-family: 'comic sans ms', sans-serif;\"><strong><span style=\"font-size: 14pt; color: #0000ff;\">15h \u00e0 18h<\/span><\/strong>\u00a0<\/span><\/td>\n<\/tr>\n<\/tbody>\n<\/table>\n<p style=\"text-align: left;\"><span style=\"color: #000000; font-size: 14pt;\">Pour votre inscription, veuillez vous munir d&rsquo;un justificatif de domicile datant de moins de trois mois, ainsi que de votre carte nationale d&rsquo;identit\u00e9.<\/span><\/p>\n<p style=\"text-align: left;\"><span style=\"color: #000000; font-size: 14pt;\">Une carte d\u2019adh\u00e9rent vous sera remise. <\/span><\/p>\n<p style=\"text-align: left;\"><span style=\"color: #000000; font-size: 14pt;\">Cotisation<strong> gratuite<\/strong> pour les habitants de la commune.<\/span><\/p>\n<p style=\"text-align: center;\"><strong><span style=\"color: #000000; font-size: 18pt; font-family: 'comic sans ms', sans-serif;\">Mediatheque de Puissalicon\u00a0<\/span><\/strong><\/p>\n<p style=\"text-align: center;\"><strong><span style=\"color: #000000; font-size: 18pt; font-family: 'comic sans ms', sans-serif;\">23 avenue de B\u00e9ziers<\/span><\/strong><\/p>\n<p style=\"text-align: center;\"><span style=\"font-size: 14pt; color: #000000;\">Contact : <strong>04.67.28.11.78<\/strong> \/\u00a0 <span style=\"color: #0000ff;\"><a style=\"color: #0000ff;\" href=\"mailto:mediatheque@puissalicon.fr\" target=\"_blank\" rel=\"noopener\">mediatheque@puissalicon.fr<\/a><\/span><\/span><\/p>\n<p style=\"text-align: center;\"><span style=\"font-size: 14pt; color: #0000ff;\"><a style=\"color: #0000ff;\" href=\"http:\/\/www.bibliotheque-puissalicon.fr\/\" target=\"_blank\" rel=\"noopener noreferrer\">http:\/\/www.bibliotheque-puissalicon.fr\/<\/a><\/span><\/p>\n","protected":false},"excerpt":{"rendered":"<p>&nbsp; &nbsp; MEDIATHEQUE DE PUISSALICON &nbsp; HORAIRES D&rsquo;OUVERTURE AU PUBLIC Mardi 16h \u00e0 18h Mercredi 10h \u00e0 12h\u00a0 15h\u00a0\u00e0 18h Jeudi 10h \u00e0 12h \u00a0 Vendredi \u00a0 15h \u00e0 18h Samedi 10h \u00e0 12h 15h \u00e0 18h\u00a0 Pour votre inscription, veuillez vous munir d&rsquo;un justificatif de domicile datant de moins de trois mois, ainsi que [&hellip;]<\/p>\n","protected":false},"author":1,"featured_media":230,"parent":0,"menu_order":0,"comment_status":"closed","ping_status":"closed","template":"","meta":{"footnotes":""},"class_list":["post-150","page","type-page","status-publish","has-post-thumbnail","hentry"],"post_mailing_queue_ids":[],"_links":{"self":[{"href":"https:\/\/puissalicon.fr\/index.php\/wp-json\/wp\/v2\/pages\/150","targetHints":{"allow":["GET"]}}],"collection":[{"href":"https:\/\/puissalicon.fr\/index.php\/wp-json\/wp\/v2\/pages"}],"about":[{"href":"https:\/\/puissalicon.fr\/index.php\/wp-json\/wp\/v2\/types\/page"}],"author":[{"embeddable":true,"href":"https:\/\/puissalicon.fr\/index.php\/wp-json\/wp\/v2\/users\/1"}],"replies":[{"embeddable":true,"href":"https:\/\/puissalicon.fr\/index.php\/wp-json\/wp\/v2\/comments?post=150"}],"version-history":[{"count":10,"href":"https:\/\/puissalicon.fr\/index.php\/wp-json\/wp\/v2\/pages\/150\/revisions"}],"predecessor-version":[{"id":9819,"href":"https:\/\/puissalicon.fr\/index.php\/wp-json\/wp\/v2\/pages\/150\/revisions\/9819"}],"wp:featuredmedia":[{"embeddable":true,"href":"https:\/\/puissalicon.fr\/index.php\/wp-json\/"}],"wp:attachment":[{"href":"https:\/\/puissalicon.fr\/index.php\/wp-json\/wp\/v2\/media?parent=150"}],"curies":[{"name":"wp","href":"https:\/\/api.w.org\/{rel}","templated":true}]}}